{"id":1029,"date":"2023-05-23T06:21:58","date_gmt":"2023-05-23T06:21:58","guid":{"rendered":"https:\/\/indalarna.se\/cookies\/"},"modified":"2025-05-22T11:59:16","modified_gmt":"2025-05-22T11:59:16","slug":"cookies","status":"publish","type":"page","link":"https:\/\/indalarna.se\/en\/cookies\/","title":{"rendered":"Cookies"},"content":{"rendered":"\n<h2 class=\"wp-block-heading\"><strong>What are cookies?<\/strong><\/h2>\n\n<p>A cookie is a short text file that the website you are visiting asks to store on your computer for a certain period of time. Information collected through cookies may include information about the length of your visit and how you use the website. <\/p>\n\n<h2 class=\"wp-block-heading\"><strong>Why do we use cookies?<\/strong><\/h2>\n\n<p>Cookies ensure that the bookmarking function works. Cookies also ensure that we can see how our website is used and how we can improve it. <\/p>\n\n<h3 class=\"wp-block-heading\"><strong>NECESSARY COOKIES<\/strong><\/h3>\n\n<p>These cookies are necessary for the website to function properly. Some of the following actions can be performed using these cookies. <\/p>\n\n<p>Save reference to your bookmark collection<\/p>\n\n<p>Save your cookie settings for this website<\/p>\n\n<h3 class=\"wp-block-heading\"><strong>ANALYSIS COOKIES<\/strong><\/h3>\n\n<p>These cookies are used to collect statistical information about the use of our website. We use this data to develop the website in terms of performance and website optimization. <\/p>\n","protected":false},"excerpt":{"rendered":"<p>What are cookies? A cookie is a short text file that the website you are visiting asks to store on your computer for a certain period of time. Information collected through cookies may include information about the length of your visit and how you use the website. Why do we use cookies? Cookies ensure that &hellip; <a href=\"https:\/\/indalarna.se\/en\/cookies\/\">Continued<\/a><\/p>\n","protected":false},"author":2,"featured_media":0,"parent":0,"menu_order":0,"comment_status":"closed","ping_status":"closed","template":"template-custom.blade.php","meta":{"_acf_changed":false,"footnotes":""},"class_list":["post-1029","page","type-page","status-publish","hentry"],"acf":[],"yoast_head":"<!-- This site is optimized with the Yoast SEO plugin v27.3 - https:\/\/yoast.com\/product\/yoast-seo-wordpress\/ -->\n<title>Cookies - In Dalarna<\/title>\n<meta name=\"robots\" content=\"index, follow, max-snippet:-1, max-image-preview:large, max-video-preview:-1\" \/>\n<link rel=\"canonical\" href=\"https:\/\/indalarna.se\/en\/cookies\/\" \/>\n<meta property=\"og:locale\" content=\"en_US\" \/>\n<meta property=\"og:type\" content=\"article\" \/>\n<meta property=\"og:title\" content=\"Cookies - In Dalarna\" \/>\n<meta property=\"og:description\" content=\"What are cookies? A cookie is a short text file that the website you are visiting asks to store on your computer for a certain period of time. Information collected through cookies may include information about the length of your visit and how you use the website. Why do we use cookies? Cookies ensure that &hellip; Continued\" \/>\n<meta property=\"og:url\" content=\"https:\/\/indalarna.se\/en\/cookies\/\" \/>\n<meta property=\"og:site_name\" content=\"In Dalarna\" \/>\n<meta property=\"article:modified_time\" content=\"2025-05-22T11:59:16+00:00\" \/>\n<meta name=\"twitter:card\" content=\"summary_large_image\" \/>\n<meta name=\"twitter:label1\" content=\"Est. reading time\" \/>\n\t<meta name=\"twitter:data1\" content=\"1 minute\" \/>\n<script type=\"application\/ld+json\" class=\"yoast-schema-graph\">{\"@context\":\"https:\\\/\\\/schema.org\",\"@graph\":[{\"@type\":\"WebPage\",\"@id\":\"https:\\\/\\\/indalarna.se\\\/en\\\/cookies\\\/\",\"url\":\"https:\\\/\\\/indalarna.se\\\/en\\\/cookies\\\/\",\"name\":\"Cookies - In Dalarna\",\"isPartOf\":{\"@id\":\"https:\\\/\\\/indalarna.se\\\/en\\\/#website\"},\"datePublished\":\"2023-05-23T06:21:58+00:00\",\"dateModified\":\"2025-05-22T11:59:16+00:00\",\"breadcrumb\":{\"@id\":\"https:\\\/\\\/indalarna.se\\\/en\\\/cookies\\\/#breadcrumb\"},\"inLanguage\":\"en-US\",\"potentialAction\":[{\"@type\":\"ReadAction\",\"target\":[\"https:\\\/\\\/indalarna.se\\\/en\\\/cookies\\\/\"]}]},{\"@type\":\"BreadcrumbList\",\"@id\":\"https:\\\/\\\/indalarna.se\\\/en\\\/cookies\\\/#breadcrumb\",\"itemListElement\":[{\"@type\":\"ListItem\",\"position\":1,\"name\":\"Home\",\"item\":\"https:\\\/\\\/indalarna.se\\\/en\\\/\"},{\"@type\":\"ListItem\",\"position\":2,\"name\":\"Cookies\"}]},{\"@type\":\"WebSite\",\"@id\":\"https:\\\/\\\/indalarna.se\\\/en\\\/#website\",\"url\":\"https:\\\/\\\/indalarna.se\\\/en\\\/\",\"name\":\"In Dalarna\",\"description\":\"Verktygsl\u00e5da f\u00f6r marknadsf\u00f6ring av Dalarna\",\"potentialAction\":[{\"@type\":\"SearchAction\",\"target\":{\"@type\":\"EntryPoint\",\"urlTemplate\":\"https:\\\/\\\/indalarna.se\\\/en\\\/?s={search_term_string}\"},\"query-input\":{\"@type\":\"PropertyValueSpecification\",\"valueRequired\":true,\"valueName\":\"search_term_string\"}}],\"inLanguage\":\"en-US\"}]}<\/script>\n<!-- \/ Yoast SEO plugin. -->","yoast_head_json":{"title":"Cookies - In Dalarna","robots":{"index":"index","follow":"follow","max-snippet":"max-snippet:-1","max-image-preview":"max-image-preview:large","max-video-preview":"max-video-preview:-1"},"canonical":"https:\/\/indalarna.se\/en\/cookies\/","og_locale":"en_US","og_type":"article","og_title":"Cookies - In Dalarna","og_description":"What are cookies? A cookie is a short text file that the website you are visiting asks to store on your computer for a certain period of time. Information collected through cookies may include information about the length of your visit and how you use the website. Why do we use cookies? Cookies ensure that &hellip; Continued","og_url":"https:\/\/indalarna.se\/en\/cookies\/","og_site_name":"In Dalarna","article_modified_time":"2025-05-22T11:59:16+00:00","twitter_card":"summary_large_image","twitter_misc":{"Est. reading time":"1 minute"},"schema":{"@context":"https:\/\/schema.org","@graph":[{"@type":"WebPage","@id":"https:\/\/indalarna.se\/en\/cookies\/","url":"https:\/\/indalarna.se\/en\/cookies\/","name":"Cookies - In Dalarna","isPartOf":{"@id":"https:\/\/indalarna.se\/en\/#website"},"datePublished":"2023-05-23T06:21:58+00:00","dateModified":"2025-05-22T11:59:16+00:00","breadcrumb":{"@id":"https:\/\/indalarna.se\/en\/cookies\/#breadcrumb"},"inLanguage":"en-US","potentialAction":[{"@type":"ReadAction","target":["https:\/\/indalarna.se\/en\/cookies\/"]}]},{"@type":"BreadcrumbList","@id":"https:\/\/indalarna.se\/en\/cookies\/#breadcrumb","itemListElement":[{"@type":"ListItem","position":1,"name":"Home","item":"https:\/\/indalarna.se\/en\/"},{"@type":"ListItem","position":2,"name":"Cookies"}]},{"@type":"WebSite","@id":"https:\/\/indalarna.se\/en\/#website","url":"https:\/\/indalarna.se\/en\/","name":"In Dalarna","description":"Verktygsl\u00e5da f\u00f6r marknadsf\u00f6ring av Dalarna","potentialAction":[{"@type":"SearchAction","target":{"@type":"EntryPoint","urlTemplate":"https:\/\/indalarna.se\/en\/?s={search_term_string}"},"query-input":{"@type":"PropertyValueSpecification","valueRequired":true,"valueName":"search_term_string"}}],"inLanguage":"en-US"}]}},"_links":{"self":[{"href":"https:\/\/indalarna.se\/en\/wp-json\/wp\/v2\/pages\/1029","targetHints":{"allow":["GET"]}}],"collection":[{"href":"https:\/\/indalarna.se\/en\/wp-json\/wp\/v2\/pages"}],"about":[{"href":"https:\/\/indalarna.se\/en\/wp-json\/wp\/v2\/types\/page"}],"author":[{"embeddable":true,"href":"https:\/\/indalarna.se\/en\/wp-json\/wp\/v2\/users\/2"}],"replies":[{"embeddable":true,"href":"https:\/\/indalarna.se\/en\/wp-json\/wp\/v2\/comments?post=1029"}],"version-history":[{"count":1,"href":"https:\/\/indalarna.se\/en\/wp-json\/wp\/v2\/pages\/1029\/revisions"}],"predecessor-version":[{"id":1030,"href":"https:\/\/indalarna.se\/en\/wp-json\/wp\/v2\/pages\/1029\/revisions\/1030"}],"wp:attachment":[{"href":"https:\/\/indalarna.se\/en\/wp-json\/wp\/v2\/media?parent=1029"}],"curies":[{"name":"wp","href":"https:\/\/api.w.org\/{rel}","templated":true}]}}