{"id":956,"date":"2024-06-25T09:17:07","date_gmt":"2024-06-25T09:17:07","guid":{"rendered":"https:\/\/indalarna.se\/indalarna-se\/"},"modified":"2025-06-11T12:30:47","modified_gmt":"2025-06-11T12:30:47","slug":"indalarna-se","status":"publish","type":"page","link":"https:\/\/indalarna.se\/en\/","title":{"rendered":"Home"},"content":{"rendered":"<div class=\"fontSizeFixer align wp-block-two-columns\">\n    <div class=\"relative\">\n        <div class=\"relative md:mx-0 md:flex  bg-main-red-500 \">\n                            <div class=\"md:w-1\/2  relative\">\n                                            <img decoding=\"async\" src=\"https:\/\/indalarna.se\/app\/uploads\/2024\/06\/indalarna-03-web-scaled-1.webp\" srcset=\"https:\/\/indalarna.se\/app\/uploads\/2024\/06\/indalarna-03-web-scaled-1-300x297.webp 300w, https:\/\/indalarna.se\/app\/uploads\/2024\/06\/indalarna-03-web-scaled-1-1024x1015.webp 1024w, https:\/\/indalarna.se\/app\/uploads\/2024\/06\/indalarna-03-web-scaled-1-150x150.webp 150w, https:\/\/indalarna.se\/app\/uploads\/2024\/06\/indalarna-03-web-scaled-1-768x761.webp 768w, https:\/\/indalarna.se\/app\/uploads\/2024\/06\/indalarna-03-web-scaled-1-227x225.webp 227w, https:\/\/indalarna.se\/app\/uploads\/2024\/06\/indalarna-03-web-scaled-1-454x450.webp 454w, https:\/\/indalarna.se\/app\/uploads\/2024\/06\/indalarna-03-web-scaled-1-908x900.webp 908w, https:\/\/indalarna.se\/app\/uploads\/2024\/06\/indalarna-03-web-scaled-1-225x223.webp 225w, https:\/\/indalarna.se\/app\/uploads\/2024\/06\/indalarna-03-web-scaled-1-450x446.webp 450w, https:\/\/indalarna.se\/app\/uploads\/2024\/06\/indalarna-03-web-scaled-1-900x892.webp 900w, https:\/\/indalarna.se\/app\/uploads\/2024\/06\/indalarna-03-web-scaled-1.webp 1200w\" alt=\"\"\n                            class=\"h-full w-full object-cover object-center  max-h-1\/2-screen md:max-h-3\/4-screen \">\n                                    <\/div>\n                        <div\n                class=\"relative self-end w-fit px-4 py-16 sm:px-8 sm:py-20 md:p-6 lg:p-12 md:w-1\/2  text-black \">\n                <div class=\"max-w-2xl\">\n                                            <h1 class=\"font-heading text-4xl sm:text-4xl md:text-4xl max-w-4xl\">\n                            Take the plunge! Welcome to us in Dalarna.\n                        <\/h1>\n                                                                <p class=\"py-3 font-medium font-serif \">Here you have the mountains in your backyard and the world in front. Here the sustainable data center of the future is being built. Here the world&#039;s power industry is being shaped. Here fossil-free steel is being developed and here one of the world&#039;s most modern zinc mines is being operated. Here we welcome everyone who is ready for the next step. Welcome to Dalarna.<\/p>\n                                        <div class=\"mt-2\">\n                        <div class=\"acf-innerblocks-container\">\n<a href=\"https:\/\/indalarna.se\/en\/career\/\" target=\"\" \n    class=\"group inline-block rounded-full text-base transition-all px-5 py-2 text-primary-400 border border-black hover:bg-primary-400 hover:text-black text-sm py-3s px-4s md:text-base md:py-s md:px-6s no-underline \">\n        Find your future employer in Dalarna\n            <svg class=\"ml-1 group-hover:ml-2 w-4 h-5 transition-all inline-block\" xmlns=\"http:\/\/www.w3.org\/2000\/svg\" fill=\"none\" viewBox=\"0 0 24 24\" stroke-width=\"1.5\" stroke=\"currentColor\" aria-hidden=\"true\" data-slot=\"icon\">\n  <path stroke-linecap=\"round\" stroke-linejoin=\"round\" d=\"M13.5 4.5 21 12m0 0-7.5 7.5M21 12H3\"\/>\n<\/svg>    <\/a>\n\n<\/div>\n                    <\/div>\n                <\/div>\n            <\/div>\n        <\/div>\n    <\/div>\n<\/div>\n\n<div class=\"fontSizeFixer align wp-block-two-columns\">\n    <div class=\"relative\">\n        <div class=\"relative md:mx-0 md:flex  bg-dark-red-500 \">\n                            <div class=\"md:w-1\/2  relative order-2\">\n                                            <img decoding=\"async\" src=\"https:\/\/indalarna.se\/app\/uploads\/2024\/06\/cathrine-hekkala-web-scaled-1.webp\" srcset=\"https:\/\/indalarna.se\/app\/uploads\/2024\/06\/cathrine-hekkala-web-scaled-1-300x297.webp 300w, https:\/\/indalarna.se\/app\/uploads\/2024\/06\/cathrine-hekkala-web-scaled-1-1024x1015.webp 1024w, https:\/\/indalarna.se\/app\/uploads\/2024\/06\/cathrine-hekkala-web-scaled-1-150x150.webp 150w, https:\/\/indalarna.se\/app\/uploads\/2024\/06\/cathrine-hekkala-web-scaled-1-768x761.webp 768w, https:\/\/indalarna.se\/app\/uploads\/2024\/06\/cathrine-hekkala-web-scaled-1-227x225.webp 227w, https:\/\/indalarna.se\/app\/uploads\/2024\/06\/cathrine-hekkala-web-scaled-1-454x450.webp 454w, https:\/\/indalarna.se\/app\/uploads\/2024\/06\/cathrine-hekkala-web-scaled-1-908x900.webp 908w, https:\/\/indalarna.se\/app\/uploads\/2024\/06\/cathrine-hekkala-web-scaled-1-225x223.webp 225w, https:\/\/indalarna.se\/app\/uploads\/2024\/06\/cathrine-hekkala-web-scaled-1-450x446.webp 450w, https:\/\/indalarna.se\/app\/uploads\/2024\/06\/cathrine-hekkala-web-scaled-1-900x892.webp 900w, https:\/\/indalarna.se\/app\/uploads\/2024\/06\/cathrine-hekkala-web-scaled-1.webp 1200w\" alt=\"\"\n                            class=\"h-full w-full object-cover object-center max-h-1\/2-screen md:max-h-3\/4-screen \">\n                                    <\/div>\n                        <div\n                class=\"relative self-end w-fit px-4 py-16 sm:px-8 sm:py-20 md:p-6 lg:p-12 md:w-1\/2  text-white \">\n                <div class=\"max-w-2xl\">\n                                            <h2 class=\"font-heading text-4xl sm:text-4xl md:text-4xl max-w-4xl\">\n                            &quot;Dalarna has given me good opportunities to build an international career&quot;\n                        <\/h2>\n                                                                <p class=\"py-3 font-medium font-serif \">When Cathrine Hekkala was choosing a trainee program after her studies in Engineering Physics, she chose Hitachi Energy in Ludvika. A choice that has given her career a real boost in several respects, not least in terms of her ambition to work internationally.<\/p>\n                                        <div class=\"mt-2\">\n                        <div class=\"acf-innerblocks-container\">\n<a href=\"https:\/\/indalarna.se\/en\/dalarna-has-given-me-good-opportunities-to-build-an-international-career\/\" target=\"\" \n    class=\"group inline-block rounded-full text-base transition-all px-5 py-2 text-primary-400 border border-white hover:bg-primary-400 hover:text-white text-sm py-3s px-4s md:text-base md:py-s md:px-6s no-underline \">\n        Read the full article with Cathrine\n            <svg class=\"ml-1 group-hover:ml-2 w-4 h-5 transition-all inline-block\" xmlns=\"http:\/\/www.w3.org\/2000\/svg\" fill=\"none\" viewBox=\"0 0 24 24\" stroke-width=\"1.5\" stroke=\"currentColor\" aria-hidden=\"true\" data-slot=\"icon\">\n  <path stroke-linecap=\"round\" stroke-linejoin=\"round\" d=\"M13.5 4.5 21 12m0 0-7.5 7.5M21 12H3\"\/>\n<\/svg>    <\/a>\n\n<\/div>\n                    <\/div>\n                <\/div>\n            <\/div>\n        <\/div>\n    <\/div>\n<\/div>\n\n<div\n    class=\"fontSizeFixer align wp-block-simple-columns grid grid-cols-1 lg:grid-cols-2 gap-x-4 gap-y-4 lg:gap-x-8 lg:gap-y-2 pb-8\">\n                        <div\n                class=\"simplecolumn px-4 py-8 lg:px-12 lg:py-8 mx-2 md:mx-8 border-main-red border-b last-of-type:border-b-0 lg:border-b-0\">\n                <h2 class=\"-mx-2 lg:-ml-8 font-heading text-main-red\">\n                    Boliden\n                    <\/h2>\n                    <p class=\"-mx-2 lg:-ml-8 py-3 text-secondary-red\">\n                        Metals for future generations\n                    <\/p>\n                                            <div class=\"-mx-2 lg:-ml-8 mt-2\">\n                            <a href=\"https:\/\/www.boliden.com\/\" target=\"\" \n    class=\"group inline-block rounded-full text-base transition-all px-5 py-2 text-main-red-500 border border-main-red hover:bg-main-red-500 hover:text-main-red text-sm py-2s px-4s no-underline \">\n            <svg class=\"mr-1 group-hover:mr-2 w-4 h-5 transition-all inline-block\" xmlns=\"http:\/\/www.w3.org\/2000\/svg\" fill=\"none\" viewBox=\"0 0 24 24\" stroke-width=\"1.5\" stroke=\"currentColor\" aria-hidden=\"true\" data-slot=\"icon\">\n  <path stroke-linecap=\"round\" stroke-linejoin=\"round\" d=\"M13.5 4.5 21 12m0 0-7.5 7.5M21 12H3\"\/>\n<\/svg>        Visit Boliden\n    <\/a>\n                        <\/div>\n                                <\/div>\n                    <div\n                class=\"simplecolumn px-4 py-8 lg:px-12 lg:py-8 mx-2 md:mx-8 border-main-red border-b last-of-type:border-b-0 lg:border-b-0\">\n                <h2 class=\"-mx-2 lg:-ml-8 font-heading text-main-red\">\n                    EcoDataCenter\n                    <\/h2>\n                    <p class=\"-mx-2 lg:-ml-8 py-3 text-secondary-red\">\n                        Founded in Sweden, EcoDataCenter is a European leader in AI infrastructure, building high-performance data centers combining world-class engineering with minimal climate impact.\n                    <\/p>\n                                            <div class=\"-mx-2 lg:-ml-8 mt-2\">\n                            <a href=\"http:\/\/ecodatacenter.tech\" target=\"\" \n    class=\"group inline-block rounded-full text-base transition-all px-5 py-2 text-main-red-500 border border-main-red hover:bg-main-red-500 hover:text-main-red text-sm py-2s px-4s no-underline \">\n            <svg class=\"mr-1 group-hover:mr-2 w-4 h-5 transition-all inline-block\" xmlns=\"http:\/\/www.w3.org\/2000\/svg\" fill=\"none\" viewBox=\"0 0 24 24\" stroke-width=\"1.5\" stroke=\"currentColor\" aria-hidden=\"true\" data-slot=\"icon\">\n  <path stroke-linecap=\"round\" stroke-linejoin=\"round\" d=\"M13.5 4.5 21 12m0 0-7.5 7.5M21 12H3\"\/>\n<\/svg>        Visit EcoDataCenter\n    <\/a>\n                        <\/div>\n                                <\/div>\n                    <div\n                class=\"simplecolumn px-4 py-8 lg:px-12 lg:py-8 mx-2 md:mx-8 border-main-red border-b last-of-type:border-b-0 lg:border-b-0\">\n                <h2 class=\"-mx-2 lg:-ml-8 font-heading text-main-red\">\n                    Hitachi Energy\n                    <\/h2>\n                    <p class=\"-mx-2 lg:-ml-8 py-3 text-secondary-red\">\n                        Hitachi Energy develops the world&#039;s energy systems for increased sustainability, flexibility and security.\n                    <\/p>\n                                            <div class=\"-mx-2 lg:-ml-8 mt-2\">\n                            <a href=\"http:\/\/hitachienergy.com\" target=\"\" \n    class=\"group inline-block rounded-full text-base transition-all px-5 py-2 text-main-red-500 border border-main-red hover:bg-main-red-500 hover:text-main-red text-sm py-2s px-4s no-underline \">\n            <svg class=\"mr-1 group-hover:mr-2 w-4 h-5 transition-all inline-block\" xmlns=\"http:\/\/www.w3.org\/2000\/svg\" fill=\"none\" viewBox=\"0 0 24 24\" stroke-width=\"1.5\" stroke=\"currentColor\" aria-hidden=\"true\" data-slot=\"icon\">\n  <path stroke-linecap=\"round\" stroke-linejoin=\"round\" d=\"M13.5 4.5 21 12m0 0-7.5 7.5M21 12H3\"\/>\n<\/svg>        Visit Hitachi Energy\n    <\/a>\n                        <\/div>\n                                <\/div>\n                    <div\n                class=\"simplecolumn px-4 py-8 lg:px-12 lg:py-8 mx-2 md:mx-8 border-main-red border-b last-of-type:border-b-0 lg:border-b-0\">\n                <h2 class=\"-mx-2 lg:-ml-8 font-heading text-main-red\">\n                    SSAB\n                    <\/h2>\n                    <p class=\"-mx-2 lg:-ml-8 py-3 text-secondary-red\">\n                        SSAB is a world leader in value-added and high-strength steels. SSAB&#039;s transition to fossil-free steel production contributes to a sustainable society, revolutionizes the steel industry and eliminates carbon dioxide emissions from steelmaking.\n                    <\/p>\n                                            <div class=\"-mx-2 lg:-ml-8 mt-2\">\n                            <a href=\"https:\/\/www.ssab.com\/sv-se\" target=\"\" \n    class=\"group inline-block rounded-full text-base transition-all px-5 py-2 text-main-red-500 border border-main-red hover:bg-main-red-500 hover:text-main-red text-sm py-2s px-4s no-underline \">\n            <svg class=\"mr-1 group-hover:mr-2 w-4 h-5 transition-all inline-block\" xmlns=\"http:\/\/www.w3.org\/2000\/svg\" fill=\"none\" viewBox=\"0 0 24 24\" stroke-width=\"1.5\" stroke=\"currentColor\" aria-hidden=\"true\" data-slot=\"icon\">\n  <path stroke-linecap=\"round\" stroke-linejoin=\"round\" d=\"M13.5 4.5 21 12m0 0-7.5 7.5M21 12H3\"\/>\n<\/svg>        Visit SSAB\n    <\/a>\n                        <\/div>\n                                <\/div>\n                    <div\n                class=\"simplecolumn px-4 py-8 lg:px-12 lg:py-8 mx-2 md:mx-8 border-main-red border-b last-of-type:border-b-0 lg:border-b-0\">\n                <h2 class=\"-mx-2 lg:-ml-8 font-heading text-main-red\">\n                    Stora Enso Fors\n                    <\/h2>\n                    <p class=\"-mx-2 lg:-ml-8 py-3 text-secondary-red\">\n                        Stora Enso Fors is the first paperboard mill within Stora Enso with fossil-free production. An innovative and high-tech industry that produces world-class renewable and recyclable lightweight paperboard for consumer packaging.\n                    <\/p>\n                                            <div class=\"-mx-2 lg:-ml-8 mt-2\">\n                            <a href=\"https:\/\/info.storaenso.com\/sv\/pm\/fors-bruk-rekryteringskampanj\" target=\"\" \n    class=\"group inline-block rounded-full text-base transition-all px-5 py-2 text-main-red-500 border border-main-red hover:bg-main-red-500 hover:text-main-red text-sm py-2s px-4s no-underline \">\n            <svg class=\"mr-1 group-hover:mr-2 w-4 h-5 transition-all inline-block\" xmlns=\"http:\/\/www.w3.org\/2000\/svg\" fill=\"none\" viewBox=\"0 0 24 24\" stroke-width=\"1.5\" stroke=\"currentColor\" aria-hidden=\"true\" data-slot=\"icon\">\n  <path stroke-linecap=\"round\" stroke-linejoin=\"round\" d=\"M13.5 4.5 21 12m0 0-7.5 7.5M21 12H3\"\/>\n<\/svg>        Visit Stora Enso Fors\n    <\/a>\n                        <\/div>\n                                <\/div>\n            <\/div>\n","protected":false},"excerpt":{"rendered":"","protected":false},"author":6,"featured_media":0,"parent":0,"menu_order":0,"comment_status":"closed","ping_status":"closed","template":"","meta":{"_acf_changed":false,"footnotes":""},"class_list":["post-956","page","type-page","status-publish","hentry"],"acf":[],"yoast_head":"<!-- This site is optimized with the Yoast SEO plugin v27.3 - https:\/\/yoast.com\/product\/yoast-seo-wordpress\/ -->\n<title>Home - In Dalarna<\/title>\n<meta name=\"robots\" content=\"index, follow, max-snippet:-1, max-image-preview:large, max-video-preview:-1\" \/>\n<link rel=\"canonical\" href=\"https:\/\/indalarna.se\/en\/\" \/>\n<meta property=\"og:locale\" content=\"en_US\" \/>\n<meta property=\"og:type\" content=\"article\" \/>\n<meta property=\"og:title\" content=\"Home - In Dalarna\" \/>\n<meta property=\"og:url\" content=\"https:\/\/indalarna.se\/en\/\" \/>\n<meta property=\"og:site_name\" content=\"In Dalarna\" \/>\n<meta property=\"article:modified_time\" content=\"2025-06-11T12:30:47+00:00\" \/>\n<meta name=\"twitter:card\" content=\"summary_large_image\" \/>\n<script type=\"application\/ld+json\" class=\"yoast-schema-graph\">{\"@context\":\"https:\\\/\\\/schema.org\",\"@graph\":[{\"@type\":\"WebPage\",\"@id\":\"https:\\\/\\\/indalarna.se\\\/en\\\/\",\"url\":\"https:\\\/\\\/indalarna.se\\\/en\\\/\",\"name\":\"Home - In Dalarna\",\"isPartOf\":{\"@id\":\"https:\\\/\\\/indalarna.se\\\/en\\\/#website\"},\"datePublished\":\"2024-06-25T09:17:07+00:00\",\"dateModified\":\"2025-06-11T12:30:47+00:00\",\"breadcrumb\":{\"@id\":\"https:\\\/\\\/indalarna.se\\\/en\\\/#breadcrumb\"},\"inLanguage\":\"en-US\",\"potentialAction\":[{\"@type\":\"ReadAction\",\"target\":[\"https:\\\/\\\/indalarna.se\\\/en\\\/\"]}]},{\"@type\":\"BreadcrumbList\",\"@id\":\"https:\\\/\\\/indalarna.se\\\/en\\\/#breadcrumb\",\"itemListElement\":[{\"@type\":\"ListItem\",\"position\":1,\"name\":\"Home\",\"item\":\"https:\\\/\\\/indalarna.se\\\/en\\\/\"},{\"@type\":\"ListItem\",\"position\":2,\"name\":\"Home\"}]},{\"@type\":\"WebSite\",\"@id\":\"https:\\\/\\\/indalarna.se\\\/en\\\/#website\",\"url\":\"https:\\\/\\\/indalarna.se\\\/en\\\/\",\"name\":\"In Dalarna\",\"description\":\"Verktygsl\u00e5da f\u00f6r marknadsf\u00f6ring av Dalarna\",\"potentialAction\":[{\"@type\":\"SearchAction\",\"target\":{\"@type\":\"EntryPoint\",\"urlTemplate\":\"https:\\\/\\\/indalarna.se\\\/en\\\/?s={search_term_string}\"},\"query-input\":{\"@type\":\"PropertyValueSpecification\",\"valueRequired\":true,\"valueName\":\"search_term_string\"}}],\"inLanguage\":\"en-US\"}]}<\/script>\n<!-- \/ Yoast SEO plugin. -->","yoast_head_json":{"title":"Home - In Dalarna","robots":{"index":"index","follow":"follow","max-snippet":"max-snippet:-1","max-image-preview":"max-image-preview:large","max-video-preview":"max-video-preview:-1"},"canonical":"https:\/\/indalarna.se\/en\/","og_locale":"en_US","og_type":"article","og_title":"Home - In Dalarna","og_url":"https:\/\/indalarna.se\/en\/","og_site_name":"In Dalarna","article_modified_time":"2025-06-11T12:30:47+00:00","twitter_card":"summary_large_image","schema":{"@context":"https:\/\/schema.org","@graph":[{"@type":"WebPage","@id":"https:\/\/indalarna.se\/en\/","url":"https:\/\/indalarna.se\/en\/","name":"Home - In Dalarna","isPartOf":{"@id":"https:\/\/indalarna.se\/en\/#website"},"datePublished":"2024-06-25T09:17:07+00:00","dateModified":"2025-06-11T12:30:47+00:00","breadcrumb":{"@id":"https:\/\/indalarna.se\/en\/#breadcrumb"},"inLanguage":"en-US","potentialAction":[{"@type":"ReadAction","target":["https:\/\/indalarna.se\/en\/"]}]},{"@type":"BreadcrumbList","@id":"https:\/\/indalarna.se\/en\/#breadcrumb","itemListElement":[{"@type":"ListItem","position":1,"name":"Home","item":"https:\/\/indalarna.se\/en\/"},{"@type":"ListItem","position":2,"name":"Home"}]},{"@type":"WebSite","@id":"https:\/\/indalarna.se\/en\/#website","url":"https:\/\/indalarna.se\/en\/","name":"In Dalarna","description":"Verktygsl\u00e5da f\u00f6r marknadsf\u00f6ring av Dalarna","potentialAction":[{"@type":"SearchAction","target":{"@type":"EntryPoint","urlTemplate":"https:\/\/indalarna.se\/en\/?s={search_term_string}"},"query-input":{"@type":"PropertyValueSpecification","valueRequired":true,"valueName":"search_term_string"}}],"inLanguage":"en-US"}]}},"_links":{"self":[{"href":"https:\/\/indalarna.se\/en\/wp-json\/wp\/v2\/pages\/956","targetHints":{"allow":["GET"]}}],"collection":[{"href":"https:\/\/indalarna.se\/en\/wp-json\/wp\/v2\/pages"}],"about":[{"href":"https:\/\/indalarna.se\/en\/wp-json\/wp\/v2\/types\/page"}],"author":[{"embeddable":true,"href":"https:\/\/indalarna.se\/en\/wp-json\/wp\/v2\/users\/6"}],"replies":[{"embeddable":true,"href":"https:\/\/indalarna.se\/en\/wp-json\/wp\/v2\/comments?post=956"}],"version-history":[{"count":16,"href":"https:\/\/indalarna.se\/en\/wp-json\/wp\/v2\/pages\/956\/revisions"}],"predecessor-version":[{"id":1092,"href":"https:\/\/indalarna.se\/en\/wp-json\/wp\/v2\/pages\/956\/revisions\/1092"}],"wp:attachment":[{"href":"https:\/\/indalarna.se\/en\/wp-json\/wp\/v2\/media?parent=956"}],"curies":[{"name":"wp","href":"https:\/\/api.w.org\/{rel}","templated":true}]}}