{"id":987,"date":"2024-06-25T09:32:38","date_gmt":"2024-06-25T09:32:38","guid":{"rendered":"https:\/\/indalarna.se\/to-you-who-are-ready-to-take-the-leap-leave-the-nest-and-grow-welcome\/"},"modified":"2025-05-22T07:59:11","modified_gmt":"2025-05-22T07:59:11","slug":"career","status":"publish","type":"page","link":"https:\/\/indalarna.se\/en\/career\/","title":{"rendered":"To you who are ready to take the leap, leave the nest, and grow \u2013 welcome."},"content":{"rendered":"\n<p><strong>We want to see you here. You who dare to take that step and turn a long-standing dream into reality.<br\/>You who are in the middle of life, in the middle of change, and in the middle of a longing for something new.<br\/>We want to see you grow here \u2013 with us \u2013 in one of Sweden\u2019s most dynamic growth regions.   <\/strong><\/p>\n\n<p>Here, the mountains are your backyard and the world is at your front door.<br\/>Here, the data centers of tomorrow are being built.<br\/>Here, the global energy industry is taking shape.<br\/>Here, fossil-free steel is being developed, and one of the world\u2019s most advanced zinc mines is in operation.<br\/>Here, we welcome everyone ready for the next chapter.<br\/>Welcome to Dalarna.     <\/p>\n\n<h2 class=\"wp-block-heading\">Explore some of Dalarna\u2019s leading industrial companies:<\/h2>\n\n<ul class=\"wp-block-list\">\n<li><a href=\"https:\/\/www.boliden.com\/\" target=\"_blank\" rel=\"noreferrer noopener\">Boliden <\/a><\/li>\n\n\n\n<li><a href=\"http:\/\/hitachienergy.com\" target=\"_blank\" rel=\"noreferrer noopener\">Hitachi Energy<\/a><\/li>\n\n\n\n<li><a href=\"https:\/\/www.ssab.com\/sv-se\" target=\"_blank\" rel=\"noreferrer noopener\">SSAB<\/a><\/li>\n\n\n\n<li><a href=\"https:\/\/info.storaenso.com\/sv\/pm\/fors-bruk-rekryteringskampanj\" target=\"_blank\" rel=\"noreferrer noopener\">Stora Enso Fors<\/a><\/li>\n<\/ul>\n\n<h2 class=\"wp-block-heading\">Live and thrive in Dalarna:<\/h2>\n\n<ul class=\"wp-block-list\">\n<li><a href=\"https:\/\/rekryteringslots.se\/\" target=\"_blank\" rel=\"noreferrer noopener\">Rekryteringslots Dalarna<\/a><\/li>\n\n\n\n<li><a href=\"https:\/\/www.du.se\/\" target=\"_blank\" rel=\"noreferrer noopener\">Dalarna University \u2013 Academic studies in Falun and Borl\u00e4nge<\/a><\/li>\n\n\n\n<li><a href=\"https:\/\/www.regiondalarna.se\/\" target=\"_blank\" rel=\"noreferrer noopener\">Region Dalarna<\/a><\/li>\n\n\n\n<li><a href=\"https:\/\/www.visitdalarna.se\/\" target=\"_blank\" rel=\"noreferrer noopener\">Visit Dalarna<\/a><\/li>\n\n\n\n<li><a href=\"https:\/\/arbetsformedlingen.se\/\" target=\"_blank\" rel=\"noreferrer noopener\">Arbetsf\u00f6rmedlingen (Swedish Public Employment Service)<\/a><\/li>\n\n\n\n<li><a href=\"https:\/\/www.samarkand2015.se\/\" target=\"_blank\" rel=\"noreferrer noopener\">Samarkand<\/a><\/li>\n\n\n\n<li><a href=\"https:\/\/mellansvenskahandelskammaren.se\/\" target=\"_blank\" rel=\"noreferrer noopener\">Mellansvenska Handelskammaren (Chamber of Commerce)<\/a><\/li>\n\n\n\n<li><a href=\"https:\/\/www.dalarnasciencepark.se\/\">Dalarna Science Park<\/a><\/li>\n<\/ul>\n\n<figure class=\"wp-block-gallery has-nested-images columns-default is-cropped wp-block-gallery-1 is-layout-flex wp-block-gallery-is-layout-flex\">\n<figure class=\"wp-block-image size-large\"><img loading=\"lazy\" decoding=\"async\" width=\"1024\" height=\"767\" data-id=\"383\" src=\"https:\/\/indalarna.se\/app\/uploads\/2023\/05\/indalarna-12-1024x767.jpg\" alt=\"\" class=\"wp-image-383\" srcset=\"https:\/\/indalarna.se\/app\/uploads\/2023\/05\/indalarna-12-1024x767.jpg 1024w, https:\/\/indalarna.se\/app\/uploads\/2023\/05\/indalarna-12-300x225.jpg 300w, https:\/\/indalarna.se\/app\/uploads\/2023\/05\/indalarna-12-768x575.jpg 768w, https:\/\/indalarna.se\/app\/uploads\/2023\/05\/indalarna-12-1536x1150.jpg 1536w, https:\/\/indalarna.se\/app\/uploads\/2023\/05\/indalarna-12-2048x1534.jpg 2048w\" sizes=\"auto, (max-width: 1024px) 100vw, 1024px\" \/><\/figure>\n\n\n\n<figure class=\"wp-block-image size-large\"><img loading=\"lazy\" decoding=\"async\" width=\"1024\" height=\"683\" data-id=\"379\" src=\"https:\/\/indalarna.se\/app\/uploads\/2023\/05\/indalarna-10-1024x683.jpg\" alt=\"\" class=\"wp-image-379\" srcset=\"https:\/\/indalarna.se\/app\/uploads\/2023\/05\/indalarna-10-1024x683.jpg 1024w, https:\/\/indalarna.se\/app\/uploads\/2023\/05\/indalarna-10-300x200.jpg 300w, https:\/\/indalarna.se\/app\/uploads\/2023\/05\/indalarna-10-768x512.jpg 768w, https:\/\/indalarna.se\/app\/uploads\/2023\/05\/indalarna-10-1536x1025.jpg 1536w, https:\/\/indalarna.se\/app\/uploads\/2023\/05\/indalarna-10-2048x1366.jpg 2048w\" sizes=\"auto, (max-width: 1024px) 100vw, 1024px\" \/><\/figure>\n\n\n\n<figure class=\"wp-block-image size-large\"><img loading=\"lazy\" decoding=\"async\" width=\"1024\" height=\"683\" data-id=\"373\" src=\"https:\/\/indalarna.se\/app\/uploads\/2023\/05\/indalarna-07-1024x683.jpg\" alt=\"\" class=\"wp-image-373\" srcset=\"https:\/\/indalarna.se\/app\/uploads\/2023\/05\/indalarna-07-1024x683.jpg 1024w, https:\/\/indalarna.se\/app\/uploads\/2023\/05\/indalarna-07-300x200.jpg 300w, https:\/\/indalarna.se\/app\/uploads\/2023\/05\/indalarna-07-768x512.jpg 768w, https:\/\/indalarna.se\/app\/uploads\/2023\/05\/indalarna-07-1536x1025.jpg 1536w, https:\/\/indalarna.se\/app\/uploads\/2023\/05\/indalarna-07-2048x1366.jpg 2048w\" sizes=\"auto, (max-width: 1024px) 100vw, 1024px\" \/><\/figure>\n\n\n\n<figure class=\"wp-block-image size-large\"><img loading=\"lazy\" decoding=\"async\" width=\"1024\" height=\"683\" data-id=\"365\" src=\"https:\/\/indalarna.se\/app\/uploads\/2023\/05\/indalarna-03-1024x683.jpg\" alt=\"\" class=\"wp-image-365\" srcset=\"https:\/\/indalarna.se\/app\/uploads\/2023\/05\/indalarna-03-1024x683.jpg 1024w, https:\/\/indalarna.se\/app\/uploads\/2023\/05\/indalarna-03-300x200.jpg 300w, https:\/\/indalarna.se\/app\/uploads\/2023\/05\/indalarna-03-768x512.jpg 768w, https:\/\/indalarna.se\/app\/uploads\/2023\/05\/indalarna-03-1536x1025.jpg 1536w, https:\/\/indalarna.se\/app\/uploads\/2023\/05\/indalarna-03-2048x1366.jpg 2048w\" sizes=\"auto, (max-width: 1024px) 100vw, 1024px\" \/><\/figure>\n\n\n\n<figure class=\"wp-block-image size-large\"><img loading=\"lazy\" decoding=\"async\" width=\"1024\" height=\"683\" data-id=\"381\" src=\"https:\/\/indalarna.se\/app\/uploads\/2023\/05\/indalarna-11-1024x683.jpg\" alt=\"\" class=\"wp-image-381\" srcset=\"https:\/\/indalarna.se\/app\/uploads\/2023\/05\/indalarna-11-1024x683.jpg 1024w, https:\/\/indalarna.se\/app\/uploads\/2023\/05\/indalarna-11-300x200.jpg 300w, https:\/\/indalarna.se\/app\/uploads\/2023\/05\/indalarna-11-768x512.jpg 768w, https:\/\/indalarna.se\/app\/uploads\/2023\/05\/indalarna-11-1536x1025.jpg 1536w, https:\/\/indalarna.se\/app\/uploads\/2023\/05\/indalarna-11-2048x1366.jpg 2048w\" sizes=\"auto, (max-width: 1024px) 100vw, 1024px\" \/><\/figure>\n<\/figure>\n\n<h3 class=\"wp-block-heading\"><strong>Here, your days are both globally connected and completely unplugged.<\/strong><\/h3>\n\n<p>A long mountain range, three national parks, over 360 nature reserves \u2013 and countless experiences just around the corner.<br\/>In Dalarna, major career opportunities meet magnificent nature and unbeatable outdoor adventures.<br\/>Culture also plays a central role here. Alongside world-class venues like the unique open-air arena Dalhalla, Dalarna offers fertile ground for both traditional and contemporary music and art. It\u2019s no coincidence that talents like Mando Diao, Miss Li, Karin and Carl Larsson, and Anders Zorn were shaped in this environment.    <\/p>\n\n<p>We are in the midst of an exciting transition \u2013 building the fossil-free technologies of the future. But to succeed, we need more curious minds to join the journey.<br\/>People who want access to attractive jobs, want to drive the green transition, and want to enjoy mountains, trails and lakes for hiking, skiing, cycling, skating and fishing.  <\/p>\n\n<p>In Dalarna, you get the rare chance to level up while slowing down.<br\/>To build a career and a life \u2013 in the same place.<br\/>To enjoy nature and culture, with the big city still within reach.   <\/p>\n\n<p>Welcome to Dalarna!<\/p>\n","protected":false},"excerpt":{"rendered":"<p>We want to see you here. You who dare to take that step and turn a long-standing dream into reality.You who are in the middle of life, in the middle of change, and in the middle of a longing for something new.We want to see you grow here \u2013 with us \u2013 in one of &hellip; <a href=\"https:\/\/indalarna.se\/en\/career\/\">Continued<\/a><\/p>\n","protected":false},"author":6,"featured_media":0,"parent":0,"menu_order":0,"comment_status":"closed","ping_status":"closed","template":"template-custom.blade.php","meta":{"_acf_changed":false,"footnotes":""},"class_list":["post-987","page","type-page","status-publish","hentry"],"acf":[],"yoast_head":"<!-- This site is optimized with the Yoast SEO plugin v27.3 - https:\/\/yoast.com\/product\/yoast-seo-wordpress\/ -->\n<title>To you who are ready to take the leap, leave the nest, and grow \u2013 welcome. - In Dalarna<\/title>\n<meta name=\"robots\" content=\"index, follow, max-snippet:-1, max-image-preview:large, max-video-preview:-1\" \/>\n<link rel=\"canonical\" href=\"https:\/\/indalarna.se\/en\/career\/\" \/>\n<meta property=\"og:locale\" content=\"en_US\" \/>\n<meta property=\"og:type\" content=\"article\" \/>\n<meta property=\"og:title\" content=\"To you who are ready to take the leap, leave the nest, and grow \u2013 welcome. - In Dalarna\" \/>\n<meta property=\"og:description\" content=\"We want to see you here. You who dare to take that step and turn a long-standing dream into reality.You who are in the middle of life, in the middle of change, and in the middle of a longing for something new.We want to see you grow here \u2013 with us \u2013 in one of &hellip; Continued\" \/>\n<meta property=\"og:url\" content=\"https:\/\/indalarna.se\/en\/career\/\" \/>\n<meta property=\"og:site_name\" content=\"In Dalarna\" \/>\n<meta property=\"article:modified_time\" content=\"2025-05-22T07:59:11+00:00\" \/>\n<meta property=\"og:image\" content=\"https:\/\/indalarna.se\/app\/uploads\/2023\/05\/indalarna-12-scaled.jpg\" \/>\n\t<meta property=\"og:image:width\" content=\"2560\" \/>\n\t<meta property=\"og:image:height\" content=\"1917\" \/>\n\t<meta property=\"og:image:type\" content=\"image\/jpeg\" \/>\n<meta name=\"twitter:card\" content=\"summary_large_image\" \/>\n<meta name=\"twitter:label1\" content=\"Est. reading time\" \/>\n\t<meta name=\"twitter:data1\" content=\"2 minutes\" \/>\n<script type=\"application\/ld+json\" class=\"yoast-schema-graph\">{\"@context\":\"https:\\\/\\\/schema.org\",\"@graph\":[{\"@type\":\"WebPage\",\"@id\":\"https:\\\/\\\/indalarna.se\\\/en\\\/career\\\/\",\"url\":\"https:\\\/\\\/indalarna.se\\\/en\\\/career\\\/\",\"name\":\"To you who are ready to take the leap, leave the nest, and grow \u2013 welcome. - In Dalarna\",\"isPartOf\":{\"@id\":\"https:\\\/\\\/indalarna.se\\\/en\\\/#website\"},\"primaryImageOfPage\":{\"@id\":\"https:\\\/\\\/indalarna.se\\\/en\\\/career\\\/#primaryimage\"},\"image\":{\"@id\":\"https:\\\/\\\/indalarna.se\\\/en\\\/career\\\/#primaryimage\"},\"thumbnailUrl\":\"https:\\\/\\\/indalarna.se\\\/app\\\/uploads\\\/2023\\\/05\\\/indalarna-12-1024x767.jpg\",\"datePublished\":\"2024-06-25T09:32:38+00:00\",\"dateModified\":\"2025-05-22T07:59:11+00:00\",\"breadcrumb\":{\"@id\":\"https:\\\/\\\/indalarna.se\\\/en\\\/career\\\/#breadcrumb\"},\"inLanguage\":\"en-US\",\"potentialAction\":[{\"@type\":\"ReadAction\",\"target\":[\"https:\\\/\\\/indalarna.se\\\/en\\\/career\\\/\"]}]},{\"@type\":\"ImageObject\",\"inLanguage\":\"en-US\",\"@id\":\"https:\\\/\\\/indalarna.se\\\/en\\\/career\\\/#primaryimage\",\"url\":\"https:\\\/\\\/indalarna.se\\\/app\\\/uploads\\\/2023\\\/05\\\/indalarna-12-1024x767.jpg\",\"contentUrl\":\"https:\\\/\\\/indalarna.se\\\/app\\\/uploads\\\/2023\\\/05\\\/indalarna-12-1024x767.jpg\"},{\"@type\":\"BreadcrumbList\",\"@id\":\"https:\\\/\\\/indalarna.se\\\/en\\\/career\\\/#breadcrumb\",\"itemListElement\":[{\"@type\":\"ListItem\",\"position\":1,\"name\":\"Home\",\"item\":\"https:\\\/\\\/indalarna.se\\\/en\\\/\"},{\"@type\":\"ListItem\",\"position\":2,\"name\":\"To you who are ready to take the leap, leave the nest, and grow \u2013 welcome.\"}]},{\"@type\":\"WebSite\",\"@id\":\"https:\\\/\\\/indalarna.se\\\/en\\\/#website\",\"url\":\"https:\\\/\\\/indalarna.se\\\/en\\\/\",\"name\":\"In Dalarna\",\"description\":\"Verktygsl\u00e5da f\u00f6r marknadsf\u00f6ring av Dalarna\",\"potentialAction\":[{\"@type\":\"SearchAction\",\"target\":{\"@type\":\"EntryPoint\",\"urlTemplate\":\"https:\\\/\\\/indalarna.se\\\/en\\\/?s={search_term_string}\"},\"query-input\":{\"@type\":\"PropertyValueSpecification\",\"valueRequired\":true,\"valueName\":\"search_term_string\"}}],\"inLanguage\":\"en-US\"}]}<\/script>\n<!-- \/ Yoast SEO plugin. -->","yoast_head_json":{"title":"To you who are ready to take the leap, leave the nest, and grow \u2013 welcome. - In Dalarna","robots":{"index":"index","follow":"follow","max-snippet":"max-snippet:-1","max-image-preview":"max-image-preview:large","max-video-preview":"max-video-preview:-1"},"canonical":"https:\/\/indalarna.se\/en\/career\/","og_locale":"en_US","og_type":"article","og_title":"To you who are ready to take the leap, leave the nest, and grow \u2013 welcome. - In Dalarna","og_description":"We want to see you here. You who dare to take that step and turn a long-standing dream into reality.You who are in the middle of life, in the middle of change, and in the middle of a longing for something new.We want to see you grow here \u2013 with us \u2013 in one of &hellip; Continued","og_url":"https:\/\/indalarna.se\/en\/career\/","og_site_name":"In Dalarna","article_modified_time":"2025-05-22T07:59:11+00:00","og_image":[{"width":2560,"height":1917,"url":"https:\/\/indalarna.se\/app\/uploads\/2023\/05\/indalarna-12-scaled.jpg","type":"image\/jpeg"}],"twitter_card":"summary_large_image","twitter_misc":{"Est. reading time":"2 minutes"},"schema":{"@context":"https:\/\/schema.org","@graph":[{"@type":"WebPage","@id":"https:\/\/indalarna.se\/en\/career\/","url":"https:\/\/indalarna.se\/en\/career\/","name":"To you who are ready to take the leap, leave the nest, and grow \u2013 welcome. - In Dalarna","isPartOf":{"@id":"https:\/\/indalarna.se\/en\/#website"},"primaryImageOfPage":{"@id":"https:\/\/indalarna.se\/en\/career\/#primaryimage"},"image":{"@id":"https:\/\/indalarna.se\/en\/career\/#primaryimage"},"thumbnailUrl":"https:\/\/indalarna.se\/app\/uploads\/2023\/05\/indalarna-12-1024x767.jpg","datePublished":"2024-06-25T09:32:38+00:00","dateModified":"2025-05-22T07:59:11+00:00","breadcrumb":{"@id":"https:\/\/indalarna.se\/en\/career\/#breadcrumb"},"inLanguage":"en-US","potentialAction":[{"@type":"ReadAction","target":["https:\/\/indalarna.se\/en\/career\/"]}]},{"@type":"ImageObject","inLanguage":"en-US","@id":"https:\/\/indalarna.se\/en\/career\/#primaryimage","url":"https:\/\/indalarna.se\/app\/uploads\/2023\/05\/indalarna-12-1024x767.jpg","contentUrl":"https:\/\/indalarna.se\/app\/uploads\/2023\/05\/indalarna-12-1024x767.jpg"},{"@type":"BreadcrumbList","@id":"https:\/\/indalarna.se\/en\/career\/#breadcrumb","itemListElement":[{"@type":"ListItem","position":1,"name":"Home","item":"https:\/\/indalarna.se\/en\/"},{"@type":"ListItem","position":2,"name":"To you who are ready to take the leap, leave the nest, and grow \u2013 welcome."}]},{"@type":"WebSite","@id":"https:\/\/indalarna.se\/en\/#website","url":"https:\/\/indalarna.se\/en\/","name":"In Dalarna","description":"Verktygsl\u00e5da f\u00f6r marknadsf\u00f6ring av Dalarna","potentialAction":[{"@type":"SearchAction","target":{"@type":"EntryPoint","urlTemplate":"https:\/\/indalarna.se\/en\/?s={search_term_string}"},"query-input":{"@type":"PropertyValueSpecification","valueRequired":true,"valueName":"search_term_string"}}],"inLanguage":"en-US"}]}},"_links":{"self":[{"href":"https:\/\/indalarna.se\/en\/wp-json\/wp\/v2\/pages\/987","targetHints":{"allow":["GET"]}}],"collection":[{"href":"https:\/\/indalarna.se\/en\/wp-json\/wp\/v2\/pages"}],"about":[{"href":"https:\/\/indalarna.se\/en\/wp-json\/wp\/v2\/types\/page"}],"author":[{"embeddable":true,"href":"https:\/\/indalarna.se\/en\/wp-json\/wp\/v2\/users\/6"}],"replies":[{"embeddable":true,"href":"https:\/\/indalarna.se\/en\/wp-json\/wp\/v2\/comments?post=987"}],"version-history":[{"count":6,"href":"https:\/\/indalarna.se\/en\/wp-json\/wp\/v2\/pages\/987\/revisions"}],"predecessor-version":[{"id":1016,"href":"https:\/\/indalarna.se\/en\/wp-json\/wp\/v2\/pages\/987\/revisions\/1016"}],"wp:attachment":[{"href":"https:\/\/indalarna.se\/en\/wp-json\/wp\/v2\/media?parent=987"}],"curies":[{"name":"wp","href":"https:\/\/api.w.org\/{rel}","templated":true}]}}