{"id":993,"date":"2023-03-20T10:12:13","date_gmt":"2023-03-20T10:12:13","guid":{"rendered":"https:\/\/indalarna.se\/news\/"},"modified":"2025-05-22T07:31:27","modified_gmt":"2025-05-22T07:31:27","slug":"news","status":"publish","type":"page","link":"https:\/\/indalarna.se\/en\/news\/","title":{"rendered":"News"},"content":{"rendered":"<div class=\"fontSizeFixer align wp-block-two-columns\">\n    <div class=\"relative\">\n        <div class=\"relative md:mx-0 md:flex  bg-dark-red-500 \">\n                            <div class=\"md:w-1\/2  relative order-2\">\n                                            <img decoding=\"async\" src=\"https:\/\/indalarna.se\/app\/uploads\/2023\/04\/laptop-scaled.jpg\" srcset=\"https:\/\/indalarna.se\/app\/uploads\/2023\/04\/laptop-300x169.jpg 300w, https:\/\/indalarna.se\/app\/uploads\/2023\/04\/laptop-1024x576.jpg 1024w, https:\/\/indalarna.se\/app\/uploads\/2023\/04\/laptop-768x432.jpg 768w, https:\/\/indalarna.se\/app\/uploads\/2023\/04\/laptop-1536x864.jpg 1536w, https:\/\/indalarna.se\/app\/uploads\/2023\/04\/laptop-2048x1152.jpg 2048w\" alt=\"\"\n                            class=\"h-full w-full object-cover object-center max-h-1\/2-screen md:max-h-3\/4-screen \">\n                                    <\/div>\n                        <div\n                class=\"relative self-end w-fit px-4 py-16 sm:px-8 sm:py-20 md:p-6 lg:p-12 md:w-1\/2  text-white \">\n                <div class=\"max-w-2xl\">\n                                            <h2 class=\"font-heading text-4xl sm:text-4xl md:text-4xl max-w-4xl\">\n                            News\n                        <\/h2>\n                                                                <p class=\"py-3 font-medium font-serif \">Many of us are out talking about Dalarna, and here you can take part in some of the things that are being done.<\/p>\n                                        <div class=\"mt-2\">\n                        <div class=\"acf-innerblocks-container\"><\/div>\n                    <\/div>\n                <\/div>\n            <\/div>\n        <\/div>\n    <\/div>\n<\/div>\n\n<div \n    class=\"align wp-block-news-listing\">\n    <div class=\"relative mx-auto container-standard-width \">\n        <div class=\"relative px-4 sm:px-8 py-16 md:py-28 \">\n            <div class=\"prose fontSizeFixer\">\n                                                                    <div class=\"mt-2 sm:mt-6 \">\n                                    <\/div>\n\n            <\/div>\n                            <div>\n                    <div class=\"facetwp-facet facetwp-facet-postsfilter facetwp-type-checkboxes\" data-name=\"postsfilter\" data-type=\"checkboxes\"><\/div>                <\/div>\n                        <div class=\"mt-8\">\n                                                            <div\n                            class=\"grid-cols-1 sm:grid-cols-2 gap-4 sm:gap-6 lg:grid-cols-3 xl:grid-cols-4 grid facetwp-template\">\n                                                            <div class=\"bg-dark-red relative text-white\">\n            <div class=\"aspect-video\">\n            <img decoding=\"async\" src=\"https:\/\/indalarna.se\/app\/uploads\/2025\/01\/Ljusmastaren-som-arbetar-i-skuggorna-150x150.jpg\" srcset=\"https:\/\/indalarna.se\/app\/uploads\/2025\/01\/Ljusmastaren-som-arbetar-i-skuggorna-300x201.jpg 300w, https:\/\/indalarna.se\/app\/uploads\/2025\/01\/Ljusmastaren-som-arbetar-i-skuggorna-1024x687.jpg 1024w, https:\/\/indalarna.se\/app\/uploads\/2025\/01\/Ljusmastaren-som-arbetar-i-skuggorna-768x515.jpg 768w, https:\/\/indalarna.se\/app\/uploads\/2025\/01\/Ljusmastaren-som-arbetar-i-skuggorna-1536x1031.jpg 1536w, https:\/\/indalarna.se\/app\/uploads\/2025\/01\/Ljusmastaren-som-arbetar-i-skuggorna-2048x1374.jpg 2048w, https:\/\/indalarna.se\/app\/uploads\/2025\/01\/Ljusmastaren-som-arbetar-i-skuggorna-335x225.jpg 335w, https:\/\/indalarna.se\/app\/uploads\/2025\/01\/Ljusmastaren-som-arbetar-i-skuggorna-671x450.jpg 671w, https:\/\/indalarna.se\/app\/uploads\/2025\/01\/Ljusmastaren-som-arbetar-i-skuggorna-1341x900.jpg 1341w, https:\/\/indalarna.se\/app\/uploads\/2025\/01\/Ljusmastaren-som-arbetar-i-skuggorna-225x151.jpg 225w, https:\/\/indalarna.se\/app\/uploads\/2025\/01\/Ljusmastaren-som-arbetar-i-skuggorna-450x302.jpg 450w, https:\/\/indalarna.se\/app\/uploads\/2025\/01\/Ljusmastaren-som-arbetar-i-skuggorna-900x604.jpg 900w\"\n                alt=\"\" class=\"h-full w-full object-cover object-center\">\n        <\/div>\n    \n\n    <div class=\"px-4 py-4\">\n                    <div class=\"mt-2 flex items-center gap-x-4 text-sm font-medium\">\n                17\/02\/2025\n            <\/div>\n                <h3 class=\"text-sans mb-2 text-lg\">The light master working in the shadows<\/h3>\n                    <p class=\"prose mt-2 max-w-sm text-sm text-white\">Tobias Rylander has lit the world&#8217;s biggest stages for artists such as Beyonc\u00e9, Robyn and The Strokes &#8211; but it&#8217;s in R\u00e4ltlindor, just outside Leksand, that he fi&#8230;<\/p>\n                            <div class=\"h-16\">\n            <\/div>\n            <div class=\"absolute bottom-4\">\n                <a href=\"https:\/\/indalarna.se\/en\/?post_type=post&amp;p=1027\" target=\"\" \n    class=\"group inline-block rounded-full text-base transition-all px-5 py-2 text-white border border-main-red hover:bg-white hover:text-main-red text-xs pt-2 pb-[7px]  px-4 no-underline \">\n        Read more\n    <\/a>\n            <\/div>\n            <\/div>\n<\/div>\n                                                            <div class=\"bg-dark-red relative text-white\">\n            <div class=\"aspect-video\">\n            <img decoding=\"async\" src=\"https:\/\/indalarna.se\/app\/uploads\/2025\/01\/Fran-myllret-i-miljonstaden-till-lugnet-i-Dalarna-150x150.jpeg\" srcset=\"https:\/\/indalarna.se\/app\/uploads\/2025\/01\/Fran-myllret-i-miljonstaden-till-lugnet-i-Dalarna-300x169.jpeg 300w, https:\/\/indalarna.se\/app\/uploads\/2025\/01\/Fran-myllret-i-miljonstaden-till-lugnet-i-Dalarna-1024x576.jpeg 1024w, https:\/\/indalarna.se\/app\/uploads\/2025\/01\/Fran-myllret-i-miljonstaden-till-lugnet-i-Dalarna-768x432.jpeg 768w, https:\/\/indalarna.se\/app\/uploads\/2025\/01\/Fran-myllret-i-miljonstaden-till-lugnet-i-Dalarna-1536x864.jpeg 1536w, https:\/\/indalarna.se\/app\/uploads\/2025\/01\/Fran-myllret-i-miljonstaden-till-lugnet-i-Dalarna-2048x1152.jpeg 2048w, https:\/\/indalarna.se\/app\/uploads\/2025\/01\/Fran-myllret-i-miljonstaden-till-lugnet-i-Dalarna-400x225.jpeg 400w, https:\/\/indalarna.se\/app\/uploads\/2025\/01\/Fran-myllret-i-miljonstaden-till-lugnet-i-Dalarna-800x450.jpeg 800w, https:\/\/indalarna.se\/app\/uploads\/2025\/01\/Fran-myllret-i-miljonstaden-till-lugnet-i-Dalarna-1600x900.jpeg 1600w, https:\/\/indalarna.se\/app\/uploads\/2025\/01\/Fran-myllret-i-miljonstaden-till-lugnet-i-Dalarna-225x127.jpeg 225w, https:\/\/indalarna.se\/app\/uploads\/2025\/01\/Fran-myllret-i-miljonstaden-till-lugnet-i-Dalarna-450x253.jpeg 450w, https:\/\/indalarna.se\/app\/uploads\/2025\/01\/Fran-myllret-i-miljonstaden-till-lugnet-i-Dalarna-900x506.jpeg 900w\"\n                alt=\"\" class=\"h-full w-full object-cover object-center\">\n        <\/div>\n    \n\n    <div class=\"px-4 py-4\">\n                    <div class=\"mt-2 flex items-center gap-x-4 text-sm font-medium\">\n                10\/02\/2025\n            <\/div>\n                <h3 class=\"text-sans mb-2 text-lg\">From the hustle and bustle of the city of millions to the tranquility of Dalarna<\/h3>\n                    <p class=\"prose mt-2 max-w-sm text-sm text-white\">Ludvika has become an international melting pot, thanks to Hitachi Energy and its global recruitment. For Sruthi Rathish and Rathish Pengadath, moving from India to Ludvika was an &#8230;<\/p>\n                            <div class=\"h-16\">\n            <\/div>\n            <div class=\"absolute bottom-4\">\n                <a href=\"https:\/\/indalarna.se\/en\/?post_type=post&amp;p=1024\" target=\"\" \n    class=\"group inline-block rounded-full text-base transition-all px-5 py-2 text-white border border-main-red hover:bg-white hover:text-main-red text-xs pt-2 pb-[7px]  px-4 no-underline \">\n        Read more\n    <\/a>\n            <\/div>\n            <\/div>\n<\/div>\n                                                            <div class=\"bg-dark-red relative text-white\">\n            <div class=\"aspect-video\">\n            <img decoding=\"async\" src=\"https:\/\/indalarna.se\/app\/uploads\/2023\/05\/cathrine-hekkala-150x150.jpg\" srcset=\"https:\/\/indalarna.se\/app\/uploads\/2023\/05\/cathrine-hekkala-300x200.jpg 300w, https:\/\/indalarna.se\/app\/uploads\/2023\/05\/cathrine-hekkala-1024x683.jpg 1024w, https:\/\/indalarna.se\/app\/uploads\/2023\/05\/cathrine-hekkala-768x512.jpg 768w, https:\/\/indalarna.se\/app\/uploads\/2023\/05\/cathrine-hekkala-1536x1024.jpg 1536w, https:\/\/indalarna.se\/app\/uploads\/2023\/05\/cathrine-hekkala-2048x1365.jpg 2048w\"\n                alt=\"\" class=\"h-full w-full object-cover object-center\">\n        <\/div>\n    \n\n    <div class=\"px-4 py-4\">\n                    <div class=\"mt-2 flex items-center gap-x-4 text-sm font-medium\">\n                18\/05\/2023\n            <\/div>\n                <h3 class=\"text-sans mb-2 text-lg\">Dalarna has given me good opportunities to build an international career<\/h3>\n                    <p class=\"prose mt-2 max-w-sm text-sm text-white\">When Cathrine Hekkala was choosing a trainee program after her studies in Engineering Physics, she chose Hitachi Energy in Ludvika. A choice that has given her career a real boost &#8230;<\/p>\n                            <div class=\"h-16\">\n            <\/div>\n            <div class=\"absolute bottom-4\">\n                <a href=\"https:\/\/indalarna.se\/en\/?post_type=post&amp;p=1021\" target=\"\" \n    class=\"group inline-block rounded-full text-base transition-all px-5 py-2 text-white border border-main-red hover:bg-white hover:text-main-red text-xs pt-2 pb-[7px]  px-4 no-underline \">\n        Read more\n    <\/a>\n            <\/div>\n            <\/div>\n<\/div>\n                                                    <\/div>\n                                                <\/div>\n                                                                <div class=\"flex justify-center\">\n                <div class=\"facetwp-facet facetwp-facet-postsfilterloadmore facetwp-type-pager\" data-name=\"postsfilterloadmore\" data-type=\"pager\"><\/div>            <\/div>\n        \n        <\/div>\n    <\/div>\n<\/div>\n","protected":false},"excerpt":{"rendered":"","protected":false},"author":2,"featured_media":0,"parent":0,"menu_order":0,"comment_status":"closed","ping_status":"closed","template":"","meta":{"_acf_changed":false,"footnotes":""},"class_list":["post-993","page","type-page","status-publish","hentry"],"acf":[],"yoast_head":"<!-- This site is optimized with the Yoast SEO plugin v27.3 - https:\/\/yoast.com\/product\/yoast-seo-wordpress\/ -->\n<title>News - In Dalarna<\/title>\n<meta name=\"robots\" content=\"index, follow, max-snippet:-1, max-image-preview:large, max-video-preview:-1\" \/>\n<link rel=\"canonical\" href=\"https:\/\/indalarna.se\/en\/news\/\" \/>\n<meta property=\"og:locale\" content=\"en_US\" \/>\n<meta property=\"og:type\" content=\"article\" \/>\n<meta property=\"og:title\" content=\"News - In Dalarna\" \/>\n<meta property=\"og:url\" content=\"https:\/\/indalarna.se\/en\/news\/\" \/>\n<meta property=\"og:site_name\" content=\"In Dalarna\" \/>\n<meta property=\"article:modified_time\" content=\"2025-05-22T07:31:27+00:00\" \/>\n<meta name=\"twitter:card\" content=\"summary_large_image\" \/>\n<script type=\"application\/ld+json\" class=\"yoast-schema-graph\">{\"@context\":\"https:\\\/\\\/schema.org\",\"@graph\":[{\"@type\":\"WebPage\",\"@id\":\"https:\\\/\\\/indalarna.se\\\/en\\\/news\\\/\",\"url\":\"https:\\\/\\\/indalarna.se\\\/en\\\/news\\\/\",\"name\":\"News - In Dalarna\",\"isPartOf\":{\"@id\":\"https:\\\/\\\/indalarna.se\\\/en\\\/#website\"},\"datePublished\":\"2023-03-20T10:12:13+00:00\",\"dateModified\":\"2025-05-22T07:31:27+00:00\",\"breadcrumb\":{\"@id\":\"https:\\\/\\\/indalarna.se\\\/en\\\/news\\\/#breadcrumb\"},\"inLanguage\":\"en-US\",\"potentialAction\":[{\"@type\":\"ReadAction\",\"target\":[\"https:\\\/\\\/indalarna.se\\\/en\\\/news\\\/\"]}]},{\"@type\":\"BreadcrumbList\",\"@id\":\"https:\\\/\\\/indalarna.se\\\/en\\\/news\\\/#breadcrumb\",\"itemListElement\":[{\"@type\":\"ListItem\",\"position\":1,\"name\":\"Home\",\"item\":\"https:\\\/\\\/indalarna.se\\\/en\\\/\"},{\"@type\":\"ListItem\",\"position\":2,\"name\":\"News\"}]},{\"@type\":\"WebSite\",\"@id\":\"https:\\\/\\\/indalarna.se\\\/en\\\/#website\",\"url\":\"https:\\\/\\\/indalarna.se\\\/en\\\/\",\"name\":\"In Dalarna\",\"description\":\"Verktygsl\u00e5da f\u00f6r marknadsf\u00f6ring av Dalarna\",\"potentialAction\":[{\"@type\":\"SearchAction\",\"target\":{\"@type\":\"EntryPoint\",\"urlTemplate\":\"https:\\\/\\\/indalarna.se\\\/en\\\/?s={search_term_string}\"},\"query-input\":{\"@type\":\"PropertyValueSpecification\",\"valueRequired\":true,\"valueName\":\"search_term_string\"}}],\"inLanguage\":\"en-US\"}]}<\/script>\n<!-- \/ Yoast SEO plugin. -->","yoast_head_json":{"title":"News - In Dalarna","robots":{"index":"index","follow":"follow","max-snippet":"max-snippet:-1","max-image-preview":"max-image-preview:large","max-video-preview":"max-video-preview:-1"},"canonical":"https:\/\/indalarna.se\/en\/news\/","og_locale":"en_US","og_type":"article","og_title":"News - In Dalarna","og_url":"https:\/\/indalarna.se\/en\/news\/","og_site_name":"In Dalarna","article_modified_time":"2025-05-22T07:31:27+00:00","twitter_card":"summary_large_image","schema":{"@context":"https:\/\/schema.org","@graph":[{"@type":"WebPage","@id":"https:\/\/indalarna.se\/en\/news\/","url":"https:\/\/indalarna.se\/en\/news\/","name":"News - In Dalarna","isPartOf":{"@id":"https:\/\/indalarna.se\/en\/#website"},"datePublished":"2023-03-20T10:12:13+00:00","dateModified":"2025-05-22T07:31:27+00:00","breadcrumb":{"@id":"https:\/\/indalarna.se\/en\/news\/#breadcrumb"},"inLanguage":"en-US","potentialAction":[{"@type":"ReadAction","target":["https:\/\/indalarna.se\/en\/news\/"]}]},{"@type":"BreadcrumbList","@id":"https:\/\/indalarna.se\/en\/news\/#breadcrumb","itemListElement":[{"@type":"ListItem","position":1,"name":"Home","item":"https:\/\/indalarna.se\/en\/"},{"@type":"ListItem","position":2,"name":"News"}]},{"@type":"WebSite","@id":"https:\/\/indalarna.se\/en\/#website","url":"https:\/\/indalarna.se\/en\/","name":"In Dalarna","description":"Verktygsl\u00e5da f\u00f6r marknadsf\u00f6ring av Dalarna","potentialAction":[{"@type":"SearchAction","target":{"@type":"EntryPoint","urlTemplate":"https:\/\/indalarna.se\/en\/?s={search_term_string}"},"query-input":{"@type":"PropertyValueSpecification","valueRequired":true,"valueName":"search_term_string"}}],"inLanguage":"en-US"}]}},"_links":{"self":[{"href":"https:\/\/indalarna.se\/en\/wp-json\/wp\/v2\/pages\/993","targetHints":{"allow":["GET"]}}],"collection":[{"href":"https:\/\/indalarna.se\/en\/wp-json\/wp\/v2\/pages"}],"about":[{"href":"https:\/\/indalarna.se\/en\/wp-json\/wp\/v2\/types\/page"}],"author":[{"embeddable":true,"href":"https:\/\/indalarna.se\/en\/wp-json\/wp\/v2\/users\/2"}],"replies":[{"embeddable":true,"href":"https:\/\/indalarna.se\/en\/wp-json\/wp\/v2\/comments?post=993"}],"version-history":[{"count":2,"href":"https:\/\/indalarna.se\/en\/wp-json\/wp\/v2\/pages\/993\/revisions"}],"predecessor-version":[{"id":996,"href":"https:\/\/indalarna.se\/en\/wp-json\/wp\/v2\/pages\/993\/revisions\/996"}],"wp:attachment":[{"href":"https:\/\/indalarna.se\/en\/wp-json\/wp\/v2\/media?parent=993"}],"curies":[{"name":"wp","href":"https:\/\/api.w.org\/{rel}","templated":true}]}}